{"id":6,"date":"2023-03-22T10:10:57","date_gmt":"2023-03-22T10:10:57","guid":{"rendered":"https:\/\/web268.luca.servertools24.de\/wordpress_tagespflege\/?page_id=6"},"modified":"2023-10-04T16:46:06","modified_gmt":"2023-10-04T14:46:06","slug":"willkommen","status":"publish","type":"page","link":"https:\/\/kindertagespflege-strolche.de\/","title":{"rendered":"Willkommen"},"content":{"rendered":"\n<p>Willkommen in der Kindertagespflege &#8222;Strolche&#8220;. Hier erfahrt ihr alles \u00fcber uns.<\/p>\n\n\n\n<h2 class=\"wp-block-heading\">Neues von uns<\/h2>\n\n\n\n<div class=\"wp-block-query is-layout-flow wp-block-query-is-layout-flow\"><ul class=\"columns-3 wp-block-post-template is-layout-grid wp-container-core-post-template-is-layout-2fc57c17 wp-block-post-template-is-layout-grid\"><li class=\"wp-block-post post-209 post type-post status-publish format-standard hentry category-neuigkeiten tag-altersmischung tag-bildung tag-bildungsbereich tag-datenschutz tag-eingewoehnung tag-eingewoehnungsphase tag-elternabend tag-entwicklung tag-erziehung tag-foerderung tag-kinderschutz tag-kindertagespflege tag-kommunikation tag-konzeption tag-kooperation tag-paedagogische-schwerpunkte tag-paedagogisches-konzept tag-rahmenbedingungen tag-selbststaendigkeit tag-tagesablauf tag-urlaub tag-zusammenarbeit\">\n<h2 class=\"wp-block-post-title\"><a href=\"https:\/\/kindertagespflege-strolche.de\/index.php\/2025\/07\/07\/konzeption-der-tagespflegeeinrichtung-strolche\/\" target=\"_self\" >Konzeption der Tagespflegeeinrichtung \u201eStrolche\u201c<\/a><\/h2>\n\n\n\n<div class=\"wp-block-post-excerpt\"><p class=\"wp-block-post-excerpt__excerpt\">Sabine Gr\u00fcneberg Papitzer Stra\u00dfe 88 04435 Schkeuditz 1. Beschreibung der Kindertagesst\u00e4tte und der Kindertagespflegeperson 2. Rahmenbedingungen der Kindertagespflege 3. Urlaub und Krankentage 4. Besonderheiten der [&hellip;] <\/p><\/div>\n\n\n<hr class=\"wp-block-separator has-css-opacity\"\/>\n\n\n<div class=\"wp-block-post-date\"><time datetime=\"2025-07-07T14:03:22+02:00\">7. Juli 2025<\/time><\/div>\n<\/li><li class=\"wp-block-post post-198 post type-post status-publish format-standard hentry category-neuigkeiten tag-konzeption tag-rahmenbedingungen\">\n<h2 class=\"wp-block-post-title\"><a href=\"https:\/\/kindertagespflege-strolche.de\/index.php\/2024\/08\/18\/konzeption-kindertagespflege-strolche\/\" target=\"_self\" >Konzeption Kindertagespflege &#8222;Strolche&#8220;<\/a><\/h2>\n\n\n\n<div class=\"wp-block-post-excerpt\"><p class=\"wp-block-post-excerpt__excerpt\">Konzeption der Tagespflegeeinrichtung \u201eStrolche\u201c Sabine Gr\u00fcneberg Papitzer Stra\u00dfe 88 04435 Schkeuditz 1. Beschreibung der Kindertagesst\u00e4tte und der Kindertagespflegeperson 2. Rahmenbedingungen der Kindertagespflege 3. Urlaub und [&hellip;] <\/p><\/div>\n\n\n<hr class=\"wp-block-separator has-css-opacity\"\/>\n\n\n<div class=\"wp-block-post-date\"><time datetime=\"2024-08-18T17:17:08+02:00\">18. August 2024<\/time><\/div>\n<\/li><li class=\"wp-block-post post-29 post type-post status-publish format-standard has-post-thumbnail hentry category-neuigkeiten\">\n<h2 class=\"wp-block-post-title\"><a href=\"https:\/\/kindertagespflege-strolche.de\/index.php\/2023\/08\/16\/herzlich-willkommen-in-meiner-kindertagespflege\/\" target=\"_self\" >Herzlich Willkommen<\/a><\/h2>\n\n<figure class=\"alignwide wp-block-post-featured-image\"><a href=\"https:\/\/kindertagespflege-strolche.de\/index.php\/2023\/08\/16\/herzlich-willkommen-in-meiner-kindertagespflege\/\" target=\"_self\"  ><img loading=\"lazy\" decoding=\"async\" width=\"650\" height=\"500\" src=\"https:\/\/kindertagespflege-strolche.de\/wp-content\/uploads\/2023\/03\/DSC_0049-650x500.jpg\" class=\"attachment-post-thumbnail size-post-thumbnail wp-post-image\" alt=\"Herzlich Willkommen\" style=\"object-fit:cover;\" \/><\/a><\/figure>\n\n<div class=\"wp-block-post-excerpt\"><p class=\"wp-block-post-excerpt__excerpt\">In der Kindertagespflege &#8222;Strolche&#8220;. Ich bin Benji, der 3j\u00e4hrige Bollipoo von Biene und passe mit auf die Kiddies auf. Ich bin sehr klein und wiege [&hellip;] <\/p><\/div>\n\n\n<hr class=\"wp-block-separator has-css-opacity\"\/>\n\n\n<div class=\"wp-block-post-date\"><time datetime=\"2023-08-16T14:52:00+02:00\">16. August 2023<\/time><\/div>\n<\/li><\/ul><\/div>\n","protected":false},"excerpt":{"rendered":"<p>Willkommen in der Kindertagespflege &#8222;Strolche&#8220;. Hier erfahrt ihr alles \u00fcber uns. Neues von uns<\/p>\n","protected":false},"author":1,"featured_media":142,"parent":0,"menu_order":0,"comment_status":"closed","ping_status":"closed","template":"","meta":{"footnotes":""},"class_list":["post-6","page","type-page","status-publish","has-post-thumbnail","hentry"],"yoast_head":"<!-- This site is optimized with the Yoast SEO plugin v27.5 - https:\/\/yoast.com\/product\/yoast-seo-wordpress\/ -->\n<title>Willkommen - Kindertagespflege &quot;Strolche&quot;<\/title>\n<meta name=\"description\" content=\"Ich hei\u00dfe Sabine Gr\u00fcneberg und begleite seit 2004 Kinder im Alter von 0-3 Jahren mit viel Liebe, Geduld und Herzblut.\" \/>\n<meta name=\"robots\" content=\"index, follow, max-snippet:-1, max-image-preview:large, max-video-preview:-1\" \/>\n<link rel=\"canonical\" href=\"https:\/\/kindertagespflege-strolche.de\/\" \/>\n<meta property=\"og:locale\" content=\"de_DE\" \/>\n<meta property=\"og:type\" content=\"article\" \/>\n<meta property=\"og:title\" content=\"Willkommen - Kindertagespflege &quot;Strolche&quot;\" \/>\n<meta property=\"og:description\" content=\"Ich hei\u00dfe Sabine Gr\u00fcneberg und begleite seit 2004 Kinder im Alter von 0-3 Jahren mit viel Liebe, Geduld und Herzblut.\" \/>\n<meta property=\"og:url\" content=\"https:\/\/kindertagespflege-strolche.de\/\" \/>\n<meta property=\"og:site_name\" content=\"Kindertagespflege &quot;Strolche&quot;\" \/>\n<meta property=\"article:modified_time\" content=\"2023-10-04T14:46:06+00:00\" \/>\n<meta property=\"og:image\" content=\"https:\/\/kindertagespflege-strolche.de\/wp-content\/uploads\/2023\/03\/WhatsApp-Bild-2023-03-29-um-15.27.27.jpg\" \/>\n\t<meta property=\"og:image:width\" content=\"2048\" \/>\n\t<meta property=\"og:image:height\" content=\"2048\" \/>\n\t<meta property=\"og:image:type\" content=\"image\/jpeg\" \/>\n<meta name=\"twitter:card\" content=\"summary_large_image\" \/>\n<meta name=\"twitter:label1\" content=\"Gesch\u00e4tzte Lesezeit\" \/>\n\t<meta name=\"twitter:data1\" content=\"1\u00a0Minute\" \/>\n<script type=\"application\/ld+json\" class=\"yoast-schema-graph\">{\"@context\":\"https:\\\/\\\/schema.org\",\"@graph\":[{\"@type\":\"WebPage\",\"@id\":\"https:\\\/\\\/kindertagespflege-strolche.de\\\/\",\"url\":\"https:\\\/\\\/kindertagespflege-strolche.de\\\/\",\"name\":\"Willkommen - Kindertagespflege &quot;Strolche&quot;\",\"isPartOf\":{\"@id\":\"https:\\\/\\\/kindertagespflege-strolche.de\\\/#website\"},\"primaryImageOfPage\":{\"@id\":\"https:\\\/\\\/kindertagespflege-strolche.de\\\/#primaryimage\"},\"image\":{\"@id\":\"https:\\\/\\\/kindertagespflege-strolche.de\\\/#primaryimage\"},\"thumbnailUrl\":\"https:\\\/\\\/kindertagespflege-strolche.de\\\/wp-content\\\/uploads\\\/2023\\\/03\\\/WhatsApp-Bild-2023-03-29-um-15.27.27.jpg\",\"datePublished\":\"2023-03-22T10:10:57+00:00\",\"dateModified\":\"2023-10-04T14:46:06+00:00\",\"description\":\"Ich hei\u00dfe Sabine Gr\u00fcneberg und begleite seit 2004 Kinder im Alter von 0-3 Jahren mit viel Liebe, Geduld und Herzblut.\",\"breadcrumb\":{\"@id\":\"https:\\\/\\\/kindertagespflege-strolche.de\\\/#breadcrumb\"},\"inLanguage\":\"de\",\"potentialAction\":[{\"@type\":\"ReadAction\",\"target\":[\"https:\\\/\\\/kindertagespflege-strolche.de\\\/\"]}]},{\"@type\":\"ImageObject\",\"inLanguage\":\"de\",\"@id\":\"https:\\\/\\\/kindertagespflege-strolche.de\\\/#primaryimage\",\"url\":\"https:\\\/\\\/kindertagespflege-strolche.de\\\/wp-content\\\/uploads\\\/2023\\\/03\\\/WhatsApp-Bild-2023-03-29-um-15.27.27.jpg\",\"contentUrl\":\"https:\\\/\\\/kindertagespflege-strolche.de\\\/wp-content\\\/uploads\\\/2023\\\/03\\\/WhatsApp-Bild-2023-03-29-um-15.27.27.jpg\",\"width\":2048,\"height\":2048},{\"@type\":\"BreadcrumbList\",\"@id\":\"https:\\\/\\\/kindertagespflege-strolche.de\\\/#breadcrumb\",\"itemListElement\":[{\"@type\":\"ListItem\",\"position\":1,\"name\":\"Startseite\",\"item\":\"https:\\\/\\\/kindertagespflege-strolche.de\\\/\"},{\"@type\":\"ListItem\",\"position\":2,\"name\":\"Willkommen\"}]},{\"@type\":\"WebSite\",\"@id\":\"https:\\\/\\\/kindertagespflege-strolche.de\\\/#website\",\"url\":\"https:\\\/\\\/kindertagespflege-strolche.de\\\/\",\"name\":\"Kindertagespflege &quot;Strolche&quot;\",\"description\":\"Sabine Gr\u00fcneberg | Papitzer Stra\u00dfe 88 | 04435 Schkeuditz\",\"potentialAction\":[{\"@type\":\"SearchAction\",\"target\":{\"@type\":\"EntryPoint\",\"urlTemplate\":\"https:\\\/\\\/kindertagespflege-strolche.de\\\/?s={search_term_string}\"},\"query-input\":{\"@type\":\"PropertyValueSpecification\",\"valueRequired\":true,\"valueName\":\"search_term_string\"}}],\"inLanguage\":\"de\"}]}<\/script>\n<!-- \/ Yoast SEO plugin. -->","yoast_head_json":{"title":"Willkommen - Kindertagespflege &quot;Strolche&quot;","description":"Ich hei\u00dfe Sabine Gr\u00fcneberg und begleite seit 2004 Kinder im Alter von 0-3 Jahren mit viel Liebe, Geduld und Herzblut.","robots":{"index":"index","follow":"follow","max-snippet":"max-snippet:-1","max-image-preview":"max-image-preview:large","max-video-preview":"max-video-preview:-1"},"canonical":"https:\/\/kindertagespflege-strolche.de\/","og_locale":"de_DE","og_type":"article","og_title":"Willkommen - Kindertagespflege &quot;Strolche&quot;","og_description":"Ich hei\u00dfe Sabine Gr\u00fcneberg und begleite seit 2004 Kinder im Alter von 0-3 Jahren mit viel Liebe, Geduld und Herzblut.","og_url":"https:\/\/kindertagespflege-strolche.de\/","og_site_name":"Kindertagespflege &quot;Strolche&quot;","article_modified_time":"2023-10-04T14:46:06+00:00","og_image":[{"width":2048,"height":2048,"url":"https:\/\/kindertagespflege-strolche.de\/wp-content\/uploads\/2023\/03\/WhatsApp-Bild-2023-03-29-um-15.27.27.jpg","type":"image\/jpeg"}],"twitter_card":"summary_large_image","twitter_misc":{"Gesch\u00e4tzte Lesezeit":"1\u00a0Minute"},"schema":{"@context":"https:\/\/schema.org","@graph":[{"@type":"WebPage","@id":"https:\/\/kindertagespflege-strolche.de\/","url":"https:\/\/kindertagespflege-strolche.de\/","name":"Willkommen - Kindertagespflege &quot;Strolche&quot;","isPartOf":{"@id":"https:\/\/kindertagespflege-strolche.de\/#website"},"primaryImageOfPage":{"@id":"https:\/\/kindertagespflege-strolche.de\/#primaryimage"},"image":{"@id":"https:\/\/kindertagespflege-strolche.de\/#primaryimage"},"thumbnailUrl":"https:\/\/kindertagespflege-strolche.de\/wp-content\/uploads\/2023\/03\/WhatsApp-Bild-2023-03-29-um-15.27.27.jpg","datePublished":"2023-03-22T10:10:57+00:00","dateModified":"2023-10-04T14:46:06+00:00","description":"Ich hei\u00dfe Sabine Gr\u00fcneberg und begleite seit 2004 Kinder im Alter von 0-3 Jahren mit viel Liebe, Geduld und Herzblut.","breadcrumb":{"@id":"https:\/\/kindertagespflege-strolche.de\/#breadcrumb"},"inLanguage":"de","potentialAction":[{"@type":"ReadAction","target":["https:\/\/kindertagespflege-strolche.de\/"]}]},{"@type":"ImageObject","inLanguage":"de","@id":"https:\/\/kindertagespflege-strolche.de\/#primaryimage","url":"https:\/\/kindertagespflege-strolche.de\/wp-content\/uploads\/2023\/03\/WhatsApp-Bild-2023-03-29-um-15.27.27.jpg","contentUrl":"https:\/\/kindertagespflege-strolche.de\/wp-content\/uploads\/2023\/03\/WhatsApp-Bild-2023-03-29-um-15.27.27.jpg","width":2048,"height":2048},{"@type":"BreadcrumbList","@id":"https:\/\/kindertagespflege-strolche.de\/#breadcrumb","itemListElement":[{"@type":"ListItem","position":1,"name":"Startseite","item":"https:\/\/kindertagespflege-strolche.de\/"},{"@type":"ListItem","position":2,"name":"Willkommen"}]},{"@type":"WebSite","@id":"https:\/\/kindertagespflege-strolche.de\/#website","url":"https:\/\/kindertagespflege-strolche.de\/","name":"Kindertagespflege &quot;Strolche&quot;","description":"Sabine Gr\u00fcneberg | Papitzer Stra\u00dfe 88 | 04435 Schkeuditz","potentialAction":[{"@type":"SearchAction","target":{"@type":"EntryPoint","urlTemplate":"https:\/\/kindertagespflege-strolche.de\/?s={search_term_string}"},"query-input":{"@type":"PropertyValueSpecification","valueRequired":true,"valueName":"search_term_string"}}],"inLanguage":"de"}]}},"jetpack_sharing_enabled":true,"_links":{"self":[{"href":"https:\/\/kindertagespflege-strolche.de\/index.php\/wp-json\/wp\/v2\/pages\/6","targetHints":{"allow":["GET"]}}],"collection":[{"href":"https:\/\/kindertagespflege-strolche.de\/index.php\/wp-json\/wp\/v2\/pages"}],"about":[{"href":"https:\/\/kindertagespflege-strolche.de\/index.php\/wp-json\/wp\/v2\/types\/page"}],"author":[{"embeddable":true,"href":"https:\/\/kindertagespflege-strolche.de\/index.php\/wp-json\/wp\/v2\/users\/1"}],"replies":[{"embeddable":true,"href":"https:\/\/kindertagespflege-strolche.de\/index.php\/wp-json\/wp\/v2\/comments?post=6"}],"version-history":[{"count":5,"href":"https:\/\/kindertagespflege-strolche.de\/index.php\/wp-json\/wp\/v2\/pages\/6\/revisions"}],"predecessor-version":[{"id":176,"href":"https:\/\/kindertagespflege-strolche.de\/index.php\/wp-json\/wp\/v2\/pages\/6\/revisions\/176"}],"wp:featuredmedia":[{"embeddable":true,"href":"https:\/\/kindertagespflege-strolche.de\/index.php\/wp-json\/wp\/v2\/media\/142"}],"wp:attachment":[{"href":"https:\/\/kindertagespflege-strolche.de\/index.php\/wp-json\/wp\/v2\/media?parent=6"}],"curies":[{"name":"wp","href":"https:\/\/api.w.org\/{rel}","templated":true}]}}