{"id":56,"date":"2023-03-28T18:32:02","date_gmt":"2023-03-28T18:32:02","guid":{"rendered":"https:\/\/kindertagespflege-strolche.de\/?page_id=56"},"modified":"2023-03-30T19:37:23","modified_gmt":"2023-03-30T19:37:23","slug":"oeffnungszeiten-und-tagesablauf","status":"publish","type":"page","link":"https:\/\/kindertagespflege-strolche.de\/index.php\/oeffnungszeiten-und-tagesablauf\/","title":{"rendered":"Tagesablauf"},"content":{"rendered":"\n<p>Ein geregelter Tagesablauf ist wichtig f\u00fcr die Entwicklung der Kinder. Es gibt ihnen Sicherheit, Orientierung und ein Gef\u00fchl der Geborgenheit. Um dies zu erm\u00f6glichen, bitte ich die Eltern sich an die Bring- und Abholzeiten zu halten.<\/p>\n\n\n\n<p>Ich betreue die Kinder in der Zeit zwischen <em><strong>07:00 \u2013 16:00 Uhr<\/strong>. <\/em>Ausnahmen gibt es nach Absprache.<\/p>\n\n\n\n<ul class=\"wp-block-list\">\n<li><em><strong>Ab 07:00 Uhr<\/strong>:<\/em> k\u00f6nnen die Kinder gebracht werden. Nach der Begr\u00fc\u00dfung und dem Kleidungswechsel werden die Eltern verabschiedet und der Tag beginnt mit Freispiel.<\/li>\n\n\n\n<li>Zwischen <strong>7.30 Uhr und 08.30 Uhr<\/strong> gibt es Fr\u00fchst\u00fcck.<\/li>\n\n\n\n<li><em><strong>Ab 08:30 Uhr<\/strong>:<\/em> ist die M\u00f6glichkeit einer gef\u00fchrten Aktivit\u00e4t gegeben. Gemeinsames Singen, Malen, Tanzen, Basteln oder z. Bsp. Bauen. Ansonsten kann sich jedes Kind mit den Sachen besch\u00e4ftigen, die es mag. Oft animieren sich die Kinder auch schon untereinander zum gemeinsamen Spiel.<\/li>\n\n\n\n<li><em><strong>Ca. 09:30 Uhr:<\/strong><\/em> Aufenthalt im Freien, Spazierg\u00e4nge, Schaukeln, Wippen, Spielen im Sandkasten, etc.<\/li>\n\n\n\n<li><em><strong>Ca. 11:15 Uhr:<\/strong><\/em> Gemeinsames Mittagessen, welches vom Essensservice geliefert wird. Frisches Obst und Gem\u00fcse oder Pudding werden gerne als Nachtisch gereicht.<\/li>\n\n\n\n<li><em><strong>Ca. 12:00 Uhr:<\/strong> <\/em>Vorbereitung auf die Mittagsruhe mit K\u00f6rperhygiene und Zahnpflege. Danach haben die Kinder die M\u00f6glichkeit zu entspannen und zu schlafen.<\/li>\n\n\n\n<li><strong><em>Ca. 14:30 Uhr \u2013 15:30<\/em> Uhr<\/strong> Vesper einnehmen, welches von den Eltern mitgegeben wird.<\/li>\n\n\n\n<li><em><strong>Bis 16:00 Uhr<\/strong><\/em> ist Abholzeit, danach brauchen auch meine Kinder ihre Mama.<\/li>\n<\/ul>\n\n\n\n<p>\u00c4nderungen im Tagesablauf sind je nach Situation m\u00f6glich. Die neuen Kinder und die Kleinsten integrieren sich im eigenen Tempo an den Rhythmus. Sie brauchen auch zwischendurch noch Pausen oder ein kleines Schl\u00e4fchen.<\/p>\n\n\n\n<p>Innerhalb dieses Zeitraumes sind die vertraglichen Vereinbarungen \u00fcber die Anzahl der Betreuungszeiten einzuhalten. Einmalige oder kurzfristige Abweichungen sind m\u00f6glich. Sollte das Tageskind nicht zur vereinbarten Zeit abgeholt werden k\u00f6nnen, bitte ich um rechtzeitige Benachrichtigung. Die Telefonnummern der Eltern und anderer Familienangeh\u00f6riger sind bei der Tagesmutter im Betreuungsvertrag zu hinterlegen.<\/p>\n","protected":false},"excerpt":{"rendered":"<p>Ein geregelter Tagesablauf ist wichtig f\u00fcr die Entwicklung der Kinder. Es gibt ihnen Sicherheit, Orientierung und ein Gef\u00fchl der Geborgenheit. Um dies zu erm\u00f6glichen, bitte [&hellip;]<\/p>\n","protected":false},"author":1,"featured_media":141,"parent":0,"menu_order":0,"comment_status":"closed","ping_status":"closed","template":"","meta":{"footnotes":""},"class_list":["post-56","page","type-page","status-publish","has-post-thumbnail","hentry"],"yoast_head":"<!-- This site is optimized with the Yoast SEO plugin v27.5 - https:\/\/yoast.com\/product\/yoast-seo-wordpress\/ -->\n<title>Tagesablauf - Kindertagespflege &quot;Strolche&quot;<\/title>\n<meta name=\"robots\" content=\"index, follow, max-snippet:-1, max-image-preview:large, max-video-preview:-1\" \/>\n<link rel=\"canonical\" href=\"https:\/\/kindertagespflege-strolche.de\/index.php\/oeffnungszeiten-und-tagesablauf\/\" \/>\n<meta property=\"og:locale\" content=\"de_DE\" \/>\n<meta property=\"og:type\" content=\"article\" \/>\n<meta property=\"og:title\" content=\"Tagesablauf - Kindertagespflege &quot;Strolche&quot;\" \/>\n<meta property=\"og:description\" content=\"Ein geregelter Tagesablauf ist wichtig f\u00fcr die Entwicklung der Kinder. Es gibt ihnen Sicherheit, Orientierung und ein Gef\u00fchl der Geborgenheit. Um dies zu erm\u00f6glichen, bitte [&hellip;]\" \/>\n<meta property=\"og:url\" content=\"https:\/\/kindertagespflege-strolche.de\/index.php\/oeffnungszeiten-und-tagesablauf\/\" \/>\n<meta property=\"og:site_name\" content=\"Kindertagespflege &quot;Strolche&quot;\" \/>\n<meta property=\"article:modified_time\" content=\"2023-03-30T19:37:23+00:00\" \/>\n<meta property=\"og:image\" content=\"https:\/\/kindertagespflege-strolche.de\/wp-content\/uploads\/2023\/03\/WhatsApp-Bild-2023-02-22-um-10.28.43.jpg\" \/>\n\t<meta property=\"og:image:width\" content=\"2048\" \/>\n\t<meta property=\"og:image:height\" content=\"2048\" \/>\n\t<meta property=\"og:image:type\" content=\"image\/jpeg\" \/>\n<meta name=\"twitter:card\" content=\"summary_large_image\" \/>\n<meta name=\"twitter:label1\" content=\"Gesch\u00e4tzte Lesezeit\" \/>\n\t<meta name=\"twitter:data1\" content=\"2\u00a0Minuten\" \/>\n<script type=\"application\/ld+json\" class=\"yoast-schema-graph\">{\"@context\":\"https:\\\/\\\/schema.org\",\"@graph\":[{\"@type\":\"WebPage\",\"@id\":\"https:\\\/\\\/kindertagespflege-strolche.de\\\/index.php\\\/oeffnungszeiten-und-tagesablauf\\\/\",\"url\":\"https:\\\/\\\/kindertagespflege-strolche.de\\\/index.php\\\/oeffnungszeiten-und-tagesablauf\\\/\",\"name\":\"Tagesablauf - Kindertagespflege &quot;Strolche&quot;\",\"isPartOf\":{\"@id\":\"https:\\\/\\\/kindertagespflege-strolche.de\\\/#website\"},\"primaryImageOfPage\":{\"@id\":\"https:\\\/\\\/kindertagespflege-strolche.de\\\/index.php\\\/oeffnungszeiten-und-tagesablauf\\\/#primaryimage\"},\"image\":{\"@id\":\"https:\\\/\\\/kindertagespflege-strolche.de\\\/index.php\\\/oeffnungszeiten-und-tagesablauf\\\/#primaryimage\"},\"thumbnailUrl\":\"https:\\\/\\\/kindertagespflege-strolche.de\\\/wp-content\\\/uploads\\\/2023\\\/03\\\/WhatsApp-Bild-2023-02-22-um-10.28.43.jpg\",\"datePublished\":\"2023-03-28T18:32:02+00:00\",\"dateModified\":\"2023-03-30T19:37:23+00:00\",\"breadcrumb\":{\"@id\":\"https:\\\/\\\/kindertagespflege-strolche.de\\\/index.php\\\/oeffnungszeiten-und-tagesablauf\\\/#breadcrumb\"},\"inLanguage\":\"de\",\"potentialAction\":[{\"@type\":\"ReadAction\",\"target\":[\"https:\\\/\\\/kindertagespflege-strolche.de\\\/index.php\\\/oeffnungszeiten-und-tagesablauf\\\/\"]}]},{\"@type\":\"ImageObject\",\"inLanguage\":\"de\",\"@id\":\"https:\\\/\\\/kindertagespflege-strolche.de\\\/index.php\\\/oeffnungszeiten-und-tagesablauf\\\/#primaryimage\",\"url\":\"https:\\\/\\\/kindertagespflege-strolche.de\\\/wp-content\\\/uploads\\\/2023\\\/03\\\/WhatsApp-Bild-2023-02-22-um-10.28.43.jpg\",\"contentUrl\":\"https:\\\/\\\/kindertagespflege-strolche.de\\\/wp-content\\\/uploads\\\/2023\\\/03\\\/WhatsApp-Bild-2023-02-22-um-10.28.43.jpg\",\"width\":2048,\"height\":2048},{\"@type\":\"BreadcrumbList\",\"@id\":\"https:\\\/\\\/kindertagespflege-strolche.de\\\/index.php\\\/oeffnungszeiten-und-tagesablauf\\\/#breadcrumb\",\"itemListElement\":[{\"@type\":\"ListItem\",\"position\":1,\"name\":\"Startseite\",\"item\":\"https:\\\/\\\/kindertagespflege-strolche.de\\\/\"},{\"@type\":\"ListItem\",\"position\":2,\"name\":\"Tagesablauf\"}]},{\"@type\":\"WebSite\",\"@id\":\"https:\\\/\\\/kindertagespflege-strolche.de\\\/#website\",\"url\":\"https:\\\/\\\/kindertagespflege-strolche.de\\\/\",\"name\":\"Kindertagespflege &quot;Strolche&quot;\",\"description\":\"Sabine Gr\u00fcneberg | Papitzer Stra\u00dfe 88 | 04435 Schkeuditz\",\"potentialAction\":[{\"@type\":\"SearchAction\",\"target\":{\"@type\":\"EntryPoint\",\"urlTemplate\":\"https:\\\/\\\/kindertagespflege-strolche.de\\\/?s={search_term_string}\"},\"query-input\":{\"@type\":\"PropertyValueSpecification\",\"valueRequired\":true,\"valueName\":\"search_term_string\"}}],\"inLanguage\":\"de\"}]}<\/script>\n<!-- \/ Yoast SEO plugin. -->","yoast_head_json":{"title":"Tagesablauf - Kindertagespflege &quot;Strolche&quot;","robots":{"index":"index","follow":"follow","max-snippet":"max-snippet:-1","max-image-preview":"max-image-preview:large","max-video-preview":"max-video-preview:-1"},"canonical":"https:\/\/kindertagespflege-strolche.de\/index.php\/oeffnungszeiten-und-tagesablauf\/","og_locale":"de_DE","og_type":"article","og_title":"Tagesablauf - Kindertagespflege &quot;Strolche&quot;","og_description":"Ein geregelter Tagesablauf ist wichtig f\u00fcr die Entwicklung der Kinder. Es gibt ihnen Sicherheit, Orientierung und ein Gef\u00fchl der Geborgenheit. Um dies zu erm\u00f6glichen, bitte [&hellip;]","og_url":"https:\/\/kindertagespflege-strolche.de\/index.php\/oeffnungszeiten-und-tagesablauf\/","og_site_name":"Kindertagespflege &quot;Strolche&quot;","article_modified_time":"2023-03-30T19:37:23+00:00","og_image":[{"width":2048,"height":2048,"url":"https:\/\/kindertagespflege-strolche.de\/wp-content\/uploads\/2023\/03\/WhatsApp-Bild-2023-02-22-um-10.28.43.jpg","type":"image\/jpeg"}],"twitter_card":"summary_large_image","twitter_misc":{"Gesch\u00e4tzte Lesezeit":"2\u00a0Minuten"},"schema":{"@context":"https:\/\/schema.org","@graph":[{"@type":"WebPage","@id":"https:\/\/kindertagespflege-strolche.de\/index.php\/oeffnungszeiten-und-tagesablauf\/","url":"https:\/\/kindertagespflege-strolche.de\/index.php\/oeffnungszeiten-und-tagesablauf\/","name":"Tagesablauf - Kindertagespflege &quot;Strolche&quot;","isPartOf":{"@id":"https:\/\/kindertagespflege-strolche.de\/#website"},"primaryImageOfPage":{"@id":"https:\/\/kindertagespflege-strolche.de\/index.php\/oeffnungszeiten-und-tagesablauf\/#primaryimage"},"image":{"@id":"https:\/\/kindertagespflege-strolche.de\/index.php\/oeffnungszeiten-und-tagesablauf\/#primaryimage"},"thumbnailUrl":"https:\/\/kindertagespflege-strolche.de\/wp-content\/uploads\/2023\/03\/WhatsApp-Bild-2023-02-22-um-10.28.43.jpg","datePublished":"2023-03-28T18:32:02+00:00","dateModified":"2023-03-30T19:37:23+00:00","breadcrumb":{"@id":"https:\/\/kindertagespflege-strolche.de\/index.php\/oeffnungszeiten-und-tagesablauf\/#breadcrumb"},"inLanguage":"de","potentialAction":[{"@type":"ReadAction","target":["https:\/\/kindertagespflege-strolche.de\/index.php\/oeffnungszeiten-und-tagesablauf\/"]}]},{"@type":"ImageObject","inLanguage":"de","@id":"https:\/\/kindertagespflege-strolche.de\/index.php\/oeffnungszeiten-und-tagesablauf\/#primaryimage","url":"https:\/\/kindertagespflege-strolche.de\/wp-content\/uploads\/2023\/03\/WhatsApp-Bild-2023-02-22-um-10.28.43.jpg","contentUrl":"https:\/\/kindertagespflege-strolche.de\/wp-content\/uploads\/2023\/03\/WhatsApp-Bild-2023-02-22-um-10.28.43.jpg","width":2048,"height":2048},{"@type":"BreadcrumbList","@id":"https:\/\/kindertagespflege-strolche.de\/index.php\/oeffnungszeiten-und-tagesablauf\/#breadcrumb","itemListElement":[{"@type":"ListItem","position":1,"name":"Startseite","item":"https:\/\/kindertagespflege-strolche.de\/"},{"@type":"ListItem","position":2,"name":"Tagesablauf"}]},{"@type":"WebSite","@id":"https:\/\/kindertagespflege-strolche.de\/#website","url":"https:\/\/kindertagespflege-strolche.de\/","name":"Kindertagespflege &quot;Strolche&quot;","description":"Sabine Gr\u00fcneberg | Papitzer Stra\u00dfe 88 | 04435 Schkeuditz","potentialAction":[{"@type":"SearchAction","target":{"@type":"EntryPoint","urlTemplate":"https:\/\/kindertagespflege-strolche.de\/?s={search_term_string}"},"query-input":{"@type":"PropertyValueSpecification","valueRequired":true,"valueName":"search_term_string"}}],"inLanguage":"de"}]}},"jetpack_sharing_enabled":true,"_links":{"self":[{"href":"https:\/\/kindertagespflege-strolche.de\/index.php\/wp-json\/wp\/v2\/pages\/56","targetHints":{"allow":["GET"]}}],"collection":[{"href":"https:\/\/kindertagespflege-strolche.de\/index.php\/wp-json\/wp\/v2\/pages"}],"about":[{"href":"https:\/\/kindertagespflege-strolche.de\/index.php\/wp-json\/wp\/v2\/types\/page"}],"author":[{"embeddable":true,"href":"https:\/\/kindertagespflege-strolche.de\/index.php\/wp-json\/wp\/v2\/users\/1"}],"replies":[{"embeddable":true,"href":"https:\/\/kindertagespflege-strolche.de\/index.php\/wp-json\/wp\/v2\/comments?post=56"}],"version-history":[{"count":4,"href":"https:\/\/kindertagespflege-strolche.de\/index.php\/wp-json\/wp\/v2\/pages\/56\/revisions"}],"predecessor-version":[{"id":166,"href":"https:\/\/kindertagespflege-strolche.de\/index.php\/wp-json\/wp\/v2\/pages\/56\/revisions\/166"}],"wp:featuredmedia":[{"embeddable":true,"href":"https:\/\/kindertagespflege-strolche.de\/index.php\/wp-json\/wp\/v2\/media\/141"}],"wp:attachment":[{"href":"https:\/\/kindertagespflege-strolche.de\/index.php\/wp-json\/wp\/v2\/media?parent=56"}],"curies":[{"name":"wp","href":"https:\/\/api.w.org\/{rel}","templated":true}]}}