{"id":39,"date":"2023-03-28T18:23:22","date_gmt":"2023-03-28T18:23:22","guid":{"rendered":"https:\/\/kindertagespflege-strolche.de\/?page_id=39"},"modified":"2023-04-27T13:39:15","modified_gmt":"2023-04-27T13:39:15","slug":"ueber-mich","status":"publish","type":"page","link":"https:\/\/kindertagespflege-strolche.de\/index.php\/ueber-mich\/","title":{"rendered":"\u00dcber mich"},"content":{"rendered":"\n<div class=\"wp-block-columns is-layout-flex wp-container-core-columns-is-layout-9d6595d7 wp-block-columns-is-layout-flex\">\n<div class=\"wp-block-column is-layout-flow wp-block-column-is-layout-flow\">\n<p>Mein Name ist Sabine Gr\u00fcneberg. Ich bin 1976 geboren, verheiratet und habe mit meinem Mann Sven Hamisch 3 Kinder. Mein Erstgeborener Justin erblickte 1999 die Welt und die Zwillinge Jody und J\u00e9rome wurden 2010 geboren. Sie sind absolute Wunschkinder und jeder f\u00fcr sich ein toller Mensch.<\/p>\n\n\n\n<p>Ich bin gelernte B\u00fcrokauffrau, wollte aber nie wirklich in dem Beruf arbeiten. \u00dcber ein paar Umwege als Arztsekret\u00e4rin kam 2004 die gro\u00dfe Chance f\u00fcr mich.<\/p>\n<\/div>\n\n\n\n<div class=\"wp-block-column is-layout-flow wp-block-column-is-layout-flow\">\n<figure class=\"wp-block-image size-large is-resized\"><img decoding=\"async\" src=\"https:\/\/kindertagespflege-strolche.de\/wp-content\/uploads\/2023\/04\/bine-und-mo-edited.jpg\" alt=\"\" class=\"wp-image-155\" width=\"400\" srcset=\"https:\/\/kindertagespflege-strolche.de\/wp-content\/uploads\/2023\/04\/bine-und-mo-edited.jpg 1026w, https:\/\/kindertagespflege-strolche.de\/wp-content\/uploads\/2023\/04\/bine-und-mo-edited-300x300.jpg 300w, https:\/\/kindertagespflege-strolche.de\/wp-content\/uploads\/2023\/04\/bine-und-mo-edited-1024x1024.jpg 1024w, https:\/\/kindertagespflege-strolche.de\/wp-content\/uploads\/2023\/04\/bine-und-mo-edited-150x150.jpg 150w, https:\/\/kindertagespflege-strolche.de\/wp-content\/uploads\/2023\/04\/bine-und-mo-edited-768x768.jpg 768w\" sizes=\"(max-width: 1026px) 100vw, 1026px\" \/><\/figure>\n<\/div>\n<\/div>\n\n\n\n<p>Ich habe immer gemerkt, das mir die Arbeit mit Kindern sehr liegt und nach einem Praktikum, im Katholischen Kindergarten in Schkeuditz, stand f\u00fcr mich der Entschluss, Tagesmutti zu werden. Ich habe mich \u00fcber den Beruf erkundigt und 2005 nach einj\u00e4hriger Schulung mein Curriculum mit dem Zertifikat \u201eQualifizierte Tagespflegeperson\u201c abgeschlossen. Von 2004 &#8211; 2010 habe ich in unserer damaligen Wohnung gearbeitet. Nach dem Erziehungsurlaub er\u00f6ffnete ich im September 2014 meine neue Tagespflegeeinrichtung, die wir mit viel Herzblut hergerichtet hatten. Nun haben wir die Tagespflege in unserem neuen zu Hause, ins Untergeschoss einziehen lassen und ich bin sehr stolz darauf. Es bereitet mir gro\u00dfe Freude zu sehen, wie die Kinder heran wachsen und ihre eigene Pers\u00f6nlichkeit entwickeln. Es macht mir Spa\u00df sie dabei zu unterst\u00fctzen und ein St\u00fcck zu begleiten.<\/p>\n","protected":false},"excerpt":{"rendered":"<p>Mein Name ist Sabine Gr\u00fcneberg. Ich bin 1976 geboren, verheiratet und habe mit meinem Mann Sven Hamisch 3 Kinder. Mein Erstgeborener Justin erblickte 1999 die [&hellip;]<\/p>\n","protected":false},"author":1,"featured_media":145,"parent":0,"menu_order":0,"comment_status":"closed","ping_status":"closed","template":"","meta":{"footnotes":""},"class_list":["post-39","page","type-page","status-publish","has-post-thumbnail","hentry"],"yoast_head":"<!-- This site is optimized with the Yoast SEO plugin v27.5 - https:\/\/yoast.com\/product\/yoast-seo-wordpress\/ -->\n<title>\u00dcber mich - Kindertagespflege &quot;Strolche&quot;<\/title>\n<meta name=\"robots\" content=\"index, follow, max-snippet:-1, max-image-preview:large, max-video-preview:-1\" \/>\n<link rel=\"canonical\" href=\"https:\/\/kindertagespflege-strolche.de\/index.php\/ueber-mich\/\" \/>\n<meta property=\"og:locale\" content=\"de_DE\" \/>\n<meta property=\"og:type\" content=\"article\" \/>\n<meta property=\"og:title\" content=\"\u00dcber mich - Kindertagespflege &quot;Strolche&quot;\" \/>\n<meta property=\"og:description\" content=\"Mein Name ist Sabine Gr\u00fcneberg. Ich bin 1976 geboren, verheiratet und habe mit meinem Mann Sven Hamisch 3 Kinder. Mein Erstgeborener Justin erblickte 1999 die [&hellip;]\" \/>\n<meta property=\"og:url\" content=\"https:\/\/kindertagespflege-strolche.de\/index.php\/ueber-mich\/\" \/>\n<meta property=\"og:site_name\" content=\"Kindertagespflege &quot;Strolche&quot;\" \/>\n<meta property=\"article:modified_time\" content=\"2023-04-27T13:39:15+00:00\" \/>\n<meta property=\"og:image\" content=\"https:\/\/kindertagespflege-strolche.de\/wp-content\/uploads\/2023\/03\/cropped-WhatsApp-Bild-2023-03-29-um-15.27.27.jpg\" \/>\n\t<meta property=\"og:image:width\" content=\"1920\" \/>\n\t<meta property=\"og:image:height\" content=\"856\" \/>\n\t<meta property=\"og:image:type\" content=\"image\/jpeg\" \/>\n<meta name=\"twitter:card\" content=\"summary_large_image\" \/>\n<meta name=\"twitter:label1\" content=\"Gesch\u00e4tzte Lesezeit\" \/>\n\t<meta name=\"twitter:data1\" content=\"2\u00a0Minuten\" \/>\n<script type=\"application\/ld+json\" class=\"yoast-schema-graph\">{\"@context\":\"https:\\\/\\\/schema.org\",\"@graph\":[{\"@type\":\"WebPage\",\"@id\":\"https:\\\/\\\/kindertagespflege-strolche.de\\\/index.php\\\/ueber-mich\\\/\",\"url\":\"https:\\\/\\\/kindertagespflege-strolche.de\\\/index.php\\\/ueber-mich\\\/\",\"name\":\"\u00dcber mich - Kindertagespflege &quot;Strolche&quot;\",\"isPartOf\":{\"@id\":\"https:\\\/\\\/kindertagespflege-strolche.de\\\/#website\"},\"primaryImageOfPage\":{\"@id\":\"https:\\\/\\\/kindertagespflege-strolche.de\\\/index.php\\\/ueber-mich\\\/#primaryimage\"},\"image\":{\"@id\":\"https:\\\/\\\/kindertagespflege-strolche.de\\\/index.php\\\/ueber-mich\\\/#primaryimage\"},\"thumbnailUrl\":\"https:\\\/\\\/kindertagespflege-strolche.de\\\/wp-content\\\/uploads\\\/2023\\\/03\\\/cropped-WhatsApp-Bild-2023-03-29-um-15.27.27.jpg\",\"datePublished\":\"2023-03-28T18:23:22+00:00\",\"dateModified\":\"2023-04-27T13:39:15+00:00\",\"breadcrumb\":{\"@id\":\"https:\\\/\\\/kindertagespflege-strolche.de\\\/index.php\\\/ueber-mich\\\/#breadcrumb\"},\"inLanguage\":\"de\",\"potentialAction\":[{\"@type\":\"ReadAction\",\"target\":[\"https:\\\/\\\/kindertagespflege-strolche.de\\\/index.php\\\/ueber-mich\\\/\"]}]},{\"@type\":\"ImageObject\",\"inLanguage\":\"de\",\"@id\":\"https:\\\/\\\/kindertagespflege-strolche.de\\\/index.php\\\/ueber-mich\\\/#primaryimage\",\"url\":\"https:\\\/\\\/kindertagespflege-strolche.de\\\/wp-content\\\/uploads\\\/2023\\\/03\\\/cropped-WhatsApp-Bild-2023-03-29-um-15.27.27.jpg\",\"contentUrl\":\"https:\\\/\\\/kindertagespflege-strolche.de\\\/wp-content\\\/uploads\\\/2023\\\/03\\\/cropped-WhatsApp-Bild-2023-03-29-um-15.27.27.jpg\",\"width\":1920,\"height\":856},{\"@type\":\"BreadcrumbList\",\"@id\":\"https:\\\/\\\/kindertagespflege-strolche.de\\\/index.php\\\/ueber-mich\\\/#breadcrumb\",\"itemListElement\":[{\"@type\":\"ListItem\",\"position\":1,\"name\":\"Startseite\",\"item\":\"https:\\\/\\\/kindertagespflege-strolche.de\\\/\"},{\"@type\":\"ListItem\",\"position\":2,\"name\":\"\u00dcber mich\"}]},{\"@type\":\"WebSite\",\"@id\":\"https:\\\/\\\/kindertagespflege-strolche.de\\\/#website\",\"url\":\"https:\\\/\\\/kindertagespflege-strolche.de\\\/\",\"name\":\"Kindertagespflege &quot;Strolche&quot;\",\"description\":\"Sabine Gr\u00fcneberg | Papitzer Stra\u00dfe 88 | 04435 Schkeuditz\",\"potentialAction\":[{\"@type\":\"SearchAction\",\"target\":{\"@type\":\"EntryPoint\",\"urlTemplate\":\"https:\\\/\\\/kindertagespflege-strolche.de\\\/?s={search_term_string}\"},\"query-input\":{\"@type\":\"PropertyValueSpecification\",\"valueRequired\":true,\"valueName\":\"search_term_string\"}}],\"inLanguage\":\"de\"}]}<\/script>\n<!-- \/ Yoast SEO plugin. -->","yoast_head_json":{"title":"\u00dcber mich - Kindertagespflege &quot;Strolche&quot;","robots":{"index":"index","follow":"follow","max-snippet":"max-snippet:-1","max-image-preview":"max-image-preview:large","max-video-preview":"max-video-preview:-1"},"canonical":"https:\/\/kindertagespflege-strolche.de\/index.php\/ueber-mich\/","og_locale":"de_DE","og_type":"article","og_title":"\u00dcber mich - Kindertagespflege &quot;Strolche&quot;","og_description":"Mein Name ist Sabine Gr\u00fcneberg. Ich bin 1976 geboren, verheiratet und habe mit meinem Mann Sven Hamisch 3 Kinder. Mein Erstgeborener Justin erblickte 1999 die [&hellip;]","og_url":"https:\/\/kindertagespflege-strolche.de\/index.php\/ueber-mich\/","og_site_name":"Kindertagespflege &quot;Strolche&quot;","article_modified_time":"2023-04-27T13:39:15+00:00","og_image":[{"width":1920,"height":856,"url":"https:\/\/kindertagespflege-strolche.de\/wp-content\/uploads\/2023\/03\/cropped-WhatsApp-Bild-2023-03-29-um-15.27.27.jpg","type":"image\/jpeg"}],"twitter_card":"summary_large_image","twitter_misc":{"Gesch\u00e4tzte Lesezeit":"2\u00a0Minuten"},"schema":{"@context":"https:\/\/schema.org","@graph":[{"@type":"WebPage","@id":"https:\/\/kindertagespflege-strolche.de\/index.php\/ueber-mich\/","url":"https:\/\/kindertagespflege-strolche.de\/index.php\/ueber-mich\/","name":"\u00dcber mich - Kindertagespflege &quot;Strolche&quot;","isPartOf":{"@id":"https:\/\/kindertagespflege-strolche.de\/#website"},"primaryImageOfPage":{"@id":"https:\/\/kindertagespflege-strolche.de\/index.php\/ueber-mich\/#primaryimage"},"image":{"@id":"https:\/\/kindertagespflege-strolche.de\/index.php\/ueber-mich\/#primaryimage"},"thumbnailUrl":"https:\/\/kindertagespflege-strolche.de\/wp-content\/uploads\/2023\/03\/cropped-WhatsApp-Bild-2023-03-29-um-15.27.27.jpg","datePublished":"2023-03-28T18:23:22+00:00","dateModified":"2023-04-27T13:39:15+00:00","breadcrumb":{"@id":"https:\/\/kindertagespflege-strolche.de\/index.php\/ueber-mich\/#breadcrumb"},"inLanguage":"de","potentialAction":[{"@type":"ReadAction","target":["https:\/\/kindertagespflege-strolche.de\/index.php\/ueber-mich\/"]}]},{"@type":"ImageObject","inLanguage":"de","@id":"https:\/\/kindertagespflege-strolche.de\/index.php\/ueber-mich\/#primaryimage","url":"https:\/\/kindertagespflege-strolche.de\/wp-content\/uploads\/2023\/03\/cropped-WhatsApp-Bild-2023-03-29-um-15.27.27.jpg","contentUrl":"https:\/\/kindertagespflege-strolche.de\/wp-content\/uploads\/2023\/03\/cropped-WhatsApp-Bild-2023-03-29-um-15.27.27.jpg","width":1920,"height":856},{"@type":"BreadcrumbList","@id":"https:\/\/kindertagespflege-strolche.de\/index.php\/ueber-mich\/#breadcrumb","itemListElement":[{"@type":"ListItem","position":1,"name":"Startseite","item":"https:\/\/kindertagespflege-strolche.de\/"},{"@type":"ListItem","position":2,"name":"\u00dcber mich"}]},{"@type":"WebSite","@id":"https:\/\/kindertagespflege-strolche.de\/#website","url":"https:\/\/kindertagespflege-strolche.de\/","name":"Kindertagespflege &quot;Strolche&quot;","description":"Sabine Gr\u00fcneberg | Papitzer Stra\u00dfe 88 | 04435 Schkeuditz","potentialAction":[{"@type":"SearchAction","target":{"@type":"EntryPoint","urlTemplate":"https:\/\/kindertagespflege-strolche.de\/?s={search_term_string}"},"query-input":{"@type":"PropertyValueSpecification","valueRequired":true,"valueName":"search_term_string"}}],"inLanguage":"de"}]}},"jetpack_sharing_enabled":true,"_links":{"self":[{"href":"https:\/\/kindertagespflege-strolche.de\/index.php\/wp-json\/wp\/v2\/pages\/39","targetHints":{"allow":["GET"]}}],"collection":[{"href":"https:\/\/kindertagespflege-strolche.de\/index.php\/wp-json\/wp\/v2\/pages"}],"about":[{"href":"https:\/\/kindertagespflege-strolche.de\/index.php\/wp-json\/wp\/v2\/types\/page"}],"author":[{"embeddable":true,"href":"https:\/\/kindertagespflege-strolche.de\/index.php\/wp-json\/wp\/v2\/users\/1"}],"replies":[{"embeddable":true,"href":"https:\/\/kindertagespflege-strolche.de\/index.php\/wp-json\/wp\/v2\/comments?post=39"}],"version-history":[{"count":3,"href":"https:\/\/kindertagespflege-strolche.de\/index.php\/wp-json\/wp\/v2\/pages\/39\/revisions"}],"predecessor-version":[{"id":156,"href":"https:\/\/kindertagespflege-strolche.de\/index.php\/wp-json\/wp\/v2\/pages\/39\/revisions\/156"}],"wp:featuredmedia":[{"embeddable":true,"href":"https:\/\/kindertagespflege-strolche.de\/index.php\/wp-json\/wp\/v2\/media\/145"}],"wp:attachment":[{"href":"https:\/\/kindertagespflege-strolche.de\/index.php\/wp-json\/wp\/v2\/media?parent=39"}],"curies":[{"name":"wp","href":"https:\/\/api.w.org\/{rel}","templated":true}]}}